{"id":2409,"date":"2023-03-23T12:21:06","date_gmt":"2023-03-23T11:21:06","guid":{"rendered":"https:\/\/fgconsultores.es\/avis-legal\/"},"modified":"2023-03-27T11:21:19","modified_gmt":"2023-03-27T09:21:19","slug":"avis-legal","status":"publish","type":"page","link":"https:\/\/fgconsultores.es\/ca\/avis-legal\/","title":{"rendered":"Av\u00eds Legal"},"content":{"rendered":"\t\t<div data-elementor-type=\"wp-page\" data-elementor-id=\"2409\" class=\"elementor elementor-2409 elementor-2122\">\n\t\t\t\t\t\t\t\t\t<section class=\"elementor-section elementor-top-section elementor-element elementor-element-610104b elementor-section-boxed elementor-section-height-default elementor-section-height-default\" data-id=\"610104b\" data-element_type=\"section\">\n\t\t\t\t\t\t<div class=\"elementor-container elementor-column-gap-default\">\n\t\t\t\t\t<div class=\"elementor-column elementor-col-100 elementor-top-column elementor-element elementor-element-61ea8d5\" data-id=\"61ea8d5\" data-element_type=\"column\">\n\t\t\t<div class=\"elementor-widget-wrap elementor-element-populated\">\n\t\t\t\t\t\t\t\t<div class=\"elementor-element elementor-element-2da08a6 elementor-widget elementor-widget-text-editor\" data-id=\"2da08a6\" data-element_type=\"widget\" data-widget_type=\"text-editor.default\">\n\t\t\t\t<div class=\"elementor-widget-container\">\n\t\t\t\t\t\t\t<p>\n            \n          <\/p>\n<p>En compliment amb el deure informaci\u00f3 recollit a l&#8217;article 10 de la Llei 34\/2002, d&#8217;11 de juliol, de Serveis de la Societat de la Informaci\u00f3 i del Comer\u00e7 Electr\u00f2nic (LSSICE), el propietari de la web , us informa del seg\u00fcent :<\/p>\n<ul>\n<li>Denominaci\u00f3 social: FG Asesores y Consultores SL<\/li>\n<li>NIF: B67446948<\/li>\n<li>Domicili: C\/ Diputaci\u00f3, 180 1C, 08011 &#8211; Barcelona (Barcelona)<\/li>\n<\/ul>\n<p>Amb els l\u00edmits establerts a la llei, FG Asesores y Consultores SL no assumeix cap responsabilitat derivada de la manca de veracitat, integritat, actualitzaci\u00f3 i precisi\u00f3 de les dades o informacions que contenen les seves p\u00e0gines web.<\/p>\n<p>Els continguts i la informaci\u00f3 no vinculen FG Asesores y Consultores SL ni constitueixen opinions, consells o assessorament legal de cap tipus, ja que es tracta merament d&#8217;un servei ofert amb car\u00e0cter informatiu i divulgatiu.<\/p>\n<p>Les p\u00e0gines d&#8217;Internet de FG Asesores y Consultores SL poden contenir enlla\u00e7os (links) a altres p\u00e0gines de terceres parts que FG Asesores y Consultores SL no pot controlar. Per tant, FG Asesores y Consultores SL no pot assumir responsabilitats pel contingut que pugui apar\u00e8ixer a p\u00e0gines de tercers.<\/p>\n<p>Els textos, imatges, sons, animacions, software i la resta de continguts inclosos en aquest website s\u00f3n propietat exclusiva de FG Asesores y Consultores SL o els seus llicenciants. Qualsevol acte de transmissi\u00f3, distribuci\u00f3, cessi\u00f3, reproducci\u00f3, emmagatzematge o comunicaci\u00f3 p\u00fablica total o parcial haur\u00e0 de comptar amb el consentiment expr\u00e9s de FG Asesores y Consultores SL.<\/p>\n<p>Aix\u00ed mateix, per accedir a alguns dels serveis que FG Asesores y Consultores SL ofereix a trav\u00e9s del lloc web, haur\u00e0 de proporcionar algunes dades de car\u00e0cter personal. En compliment del que estableix el Reglament (UE) 2016\/679 del Parlament Europeu i del Consell, de 27 d&#8217;abril de 2016, relatiu a la protecci\u00f3 de les persones f\u00edsiques pel que fa al tractament de dades personals ia la lliure circulaci\u00f3 de aquestes dades us informem que, mitjan\u00e7ant l&#8217;emplenament dels presents formularis, les vostres dades personals quedaran incorporades i seran tractades als fitxers de FG Asesores y Consultores SL per tal de poder-vos prestar i oferir els nostres serveis aix\u00ed com per informar-vos de les millores del lloc Web.<\/p>\n<p>Us informem tamb\u00e9 que tindreu la possibilitat en tot moment d&#8217;exercir els drets d&#8217;acc\u00e9s, rectificaci\u00f3, cancel\u00b7laci\u00f3, oposici\u00f3, limitaci\u00f3 i portabilitat de les vostres dades de car\u00e0cter personal, de manera gratu\u00efta mitjan\u00e7ant email a: cristian@fgconsultores.es o a l&#8217;adre\u00e7a : C\/ Diputaci\u00f3, 180 1C, 08011 &#8211; Barcelona (Barcelona).<\/p>\n<p>21\/03\/2023<\/p>\n<p>\n            \n          <\/p>\n\t\t\t\t\t\t<\/div>\n\t\t\t\t<\/div>\n\t\t\t\t\t<\/div>\n\t\t<\/div>\n\t\t\t\t\t\t\t<\/div>\n\t\t<\/section>\n\t\t\t\t\t\t\t<\/div>\n\t\t","protected":false},"excerpt":{"rendered":"<p>En compliment amb el deure informaci\u00f3 recollit a l&#8217;article 10 de la Llei 34\/2002, d&#8217;11 de juliol, de Serveis de la Societat de la Informaci\u00f3 i del Comer\u00e7 Electr\u00f2nic (LSSICE), el propietari de la web , us informa del seg\u00fcent : Denominaci\u00f3 social: FG Asesores y Consultores SL NIF: B67446948 Domicili: C\/ Diputaci\u00f3, 180 1C, [&hellip;]<\/p>\n","protected":false},"author":2,"featured_media":0,"parent":0,"menu_order":0,"comment_status":"closed","ping_status":"closed","template":"","meta":[],"yoast_head":"<!-- This site is optimized with the Yoast SEO plugin v20.5 - https:\/\/yoast.com\/wordpress\/plugins\/seo\/ -->\n<title>Av\u00eds Legal - FG Asesores y Consultores<\/title>\n<meta name=\"robots\" content=\"noindex, nofollow\" \/>\n<meta property=\"og:locale\" content=\"ca_ES\" \/>\n<meta property=\"og:type\" content=\"article\" \/>\n<meta property=\"og:title\" content=\"Av\u00eds Legal - FG Asesores y Consultores\" \/>\n<meta property=\"og:description\" content=\"En compliment amb el deure informaci\u00f3 recollit a l&#8217;article 10 de la Llei 34\/2002, d&#8217;11 de juliol, de Serveis de la Societat de la Informaci\u00f3 i del Comer\u00e7 Electr\u00f2nic (LSSICE), el propietari de la web , us informa del seg\u00fcent : Denominaci\u00f3 social: FG Asesores y Consultores SL NIF: B67446948 Domicili: C\/ Diputaci\u00f3, 180 1C, [&hellip;]\" \/>\n<meta property=\"og:url\" content=\"https:\/\/fgconsultores.es\/ca\/avis-legal\/\" \/>\n<meta property=\"og:site_name\" content=\"FG Asesores y Consultores\" \/>\n<meta property=\"article:modified_time\" content=\"2023-03-27T09:21:19+00:00\" \/>\n<meta name=\"twitter:card\" content=\"summary_large_image\" \/>\n<meta name=\"twitter:label1\" content=\"Temps estimat de lectura\" \/>\n\t<meta name=\"twitter:data1\" content=\"2 minuts\" \/>\n<script type=\"application\/ld+json\" class=\"yoast-schema-graph\">{\"@context\":\"https:\/\/schema.org\",\"@graph\":[{\"@type\":\"WebPage\",\"@id\":\"https:\/\/fgconsultores.es\/ca\/avis-legal\/\",\"url\":\"https:\/\/fgconsultores.es\/ca\/avis-legal\/\",\"name\":\"Av\u00eds Legal - FG Asesores y Consultores\",\"isPartOf\":{\"@id\":\"https:\/\/fgconsultores.es\/ca\/#website\"},\"datePublished\":\"2023-03-23T11:21:06+00:00\",\"dateModified\":\"2023-03-27T09:21:19+00:00\",\"breadcrumb\":{\"@id\":\"https:\/\/fgconsultores.es\/ca\/avis-legal\/#breadcrumb\"},\"inLanguage\":\"ca\",\"potentialAction\":[{\"@type\":\"ReadAction\",\"target\":[\"https:\/\/fgconsultores.es\/ca\/avis-legal\/\"]}]},{\"@type\":\"BreadcrumbList\",\"@id\":\"https:\/\/fgconsultores.es\/ca\/avis-legal\/#breadcrumb\",\"itemListElement\":[{\"@type\":\"ListItem\",\"position\":1,\"name\":\"Portada\",\"item\":\"https:\/\/fgconsultores.es\/ca\/\"},{\"@type\":\"ListItem\",\"position\":2,\"name\":\"Av\u00eds Legal\"}]},{\"@type\":\"WebSite\",\"@id\":\"https:\/\/fgconsultores.es\/ca\/#website\",\"url\":\"https:\/\/fgconsultores.es\/ca\/\",\"name\":\"FG Asesores y Consultores en Barcelona\",\"description\":\"Asesor\u00eda en Barcelona para aut\u00f3nomos y pymes\",\"publisher\":{\"@id\":\"https:\/\/fgconsultores.es\/ca\/#organization\"},\"potentialAction\":[{\"@type\":\"SearchAction\",\"target\":{\"@type\":\"EntryPoint\",\"urlTemplate\":\"https:\/\/fgconsultores.es\/ca\/?s={search_term_string}\"},\"query-input\":\"required name=search_term_string\"}],\"inLanguage\":\"ca\"},{\"@type\":\"Organization\",\"@id\":\"https:\/\/fgconsultores.es\/ca\/#organization\",\"name\":\"FG Asesores y Consultores en Barcelona\",\"url\":\"https:\/\/fgconsultores.es\/ca\/\",\"logo\":{\"@type\":\"ImageObject\",\"inLanguage\":\"ca\",\"@id\":\"https:\/\/fgconsultores.es\/ca\/#\/schema\/logo\/image\/\",\"url\":\"https:\/\/fgconsultores.es\/wp-content\/uploads\/2021\/08\/Logo_fg_asesores.png\",\"contentUrl\":\"https:\/\/fgconsultores.es\/wp-content\/uploads\/2021\/08\/Logo_fg_asesores.png\",\"width\":1843,\"height\":459,\"caption\":\"FG Asesores y Consultores en Barcelona\"},\"image\":{\"@id\":\"https:\/\/fgconsultores.es\/ca\/#\/schema\/logo\/image\/\"}}]}<\/script>\n<!-- \/ Yoast SEO plugin. -->","yoast_head_json":{"title":"Av\u00eds Legal - FG Asesores y Consultores","robots":{"index":"noindex","follow":"nofollow"},"og_locale":"ca_ES","og_type":"article","og_title":"Av\u00eds Legal - FG Asesores y Consultores","og_description":"En compliment amb el deure informaci\u00f3 recollit a l&#8217;article 10 de la Llei 34\/2002, d&#8217;11 de juliol, de Serveis de la Societat de la Informaci\u00f3 i del Comer\u00e7 Electr\u00f2nic (LSSICE), el propietari de la web , us informa del seg\u00fcent : Denominaci\u00f3 social: FG Asesores y Consultores SL NIF: B67446948 Domicili: C\/ Diputaci\u00f3, 180 1C, [&hellip;]","og_url":"https:\/\/fgconsultores.es\/ca\/avis-legal\/","og_site_name":"FG Asesores y Consultores","article_modified_time":"2023-03-27T09:21:19+00:00","twitter_card":"summary_large_image","twitter_misc":{"Temps estimat de lectura":"2 minuts"},"schema":{"@context":"https:\/\/schema.org","@graph":[{"@type":"WebPage","@id":"https:\/\/fgconsultores.es\/ca\/avis-legal\/","url":"https:\/\/fgconsultores.es\/ca\/avis-legal\/","name":"Av\u00eds Legal - FG Asesores y Consultores","isPartOf":{"@id":"https:\/\/fgconsultores.es\/ca\/#website"},"datePublished":"2023-03-23T11:21:06+00:00","dateModified":"2023-03-27T09:21:19+00:00","breadcrumb":{"@id":"https:\/\/fgconsultores.es\/ca\/avis-legal\/#breadcrumb"},"inLanguage":"ca","potentialAction":[{"@type":"ReadAction","target":["https:\/\/fgconsultores.es\/ca\/avis-legal\/"]}]},{"@type":"BreadcrumbList","@id":"https:\/\/fgconsultores.es\/ca\/avis-legal\/#breadcrumb","itemListElement":[{"@type":"ListItem","position":1,"name":"Portada","item":"https:\/\/fgconsultores.es\/ca\/"},{"@type":"ListItem","position":2,"name":"Av\u00eds Legal"}]},{"@type":"WebSite","@id":"https:\/\/fgconsultores.es\/ca\/#website","url":"https:\/\/fgconsultores.es\/ca\/","name":"FG Asesores y Consultores en Barcelona","description":"Asesor\u00eda en Barcelona para aut\u00f3nomos y pymes","publisher":{"@id":"https:\/\/fgconsultores.es\/ca\/#organization"},"potentialAction":[{"@type":"SearchAction","target":{"@type":"EntryPoint","urlTemplate":"https:\/\/fgconsultores.es\/ca\/?s={search_term_string}"},"query-input":"required name=search_term_string"}],"inLanguage":"ca"},{"@type":"Organization","@id":"https:\/\/fgconsultores.es\/ca\/#organization","name":"FG Asesores y Consultores en Barcelona","url":"https:\/\/fgconsultores.es\/ca\/","logo":{"@type":"ImageObject","inLanguage":"ca","@id":"https:\/\/fgconsultores.es\/ca\/#\/schema\/logo\/image\/","url":"https:\/\/fgconsultores.es\/wp-content\/uploads\/2021\/08\/Logo_fg_asesores.png","contentUrl":"https:\/\/fgconsultores.es\/wp-content\/uploads\/2021\/08\/Logo_fg_asesores.png","width":1843,"height":459,"caption":"FG Asesores y Consultores en Barcelona"},"image":{"@id":"https:\/\/fgconsultores.es\/ca\/#\/schema\/logo\/image\/"}}]}},"_links":{"self":[{"href":"https:\/\/fgconsultores.es\/ca\/wp-json\/wp\/v2\/pages\/2409"}],"collection":[{"href":"https:\/\/fgconsultores.es\/ca\/wp-json\/wp\/v2\/pages"}],"about":[{"href":"https:\/\/fgconsultores.es\/ca\/wp-json\/wp\/v2\/types\/page"}],"author":[{"embeddable":true,"href":"https:\/\/fgconsultores.es\/ca\/wp-json\/wp\/v2\/users\/2"}],"replies":[{"embeddable":true,"href":"https:\/\/fgconsultores.es\/ca\/wp-json\/wp\/v2\/comments?post=2409"}],"version-history":[{"count":0,"href":"https:\/\/fgconsultores.es\/ca\/wp-json\/wp\/v2\/pages\/2409\/revisions"}],"wp:attachment":[{"href":"https:\/\/fgconsultores.es\/ca\/wp-json\/wp\/v2\/media?parent=2409"}],"curies":[{"name":"wp","href":"https:\/\/api.w.org\/{rel}","templated":true}]}}