{"id":2417,"date":"2023-03-13T03:53:35","date_gmt":"2023-03-13T02:53:35","guid":{"rendered":"https:\/\/fgconsultores.es\/contacte\/"},"modified":"2023-03-28T12:28:56","modified_gmt":"2023-03-28T10:28:56","slug":"contacte","status":"publish","type":"page","link":"https:\/\/fgconsultores.es\/ca\/contacte\/","title":{"rendered":"Contacte"},"content":{"rendered":"\t\t<div data-elementor-type=\"wp-page\" data-elementor-id=\"2417\" class=\"elementor elementor-2417 elementor-1375\">\n\t\t\t\t\t\t\t\t\t<section class=\"elementor-section elementor-top-section elementor-element elementor-element-cc8af21 elementor-section-boxed elementor-section-height-default elementor-section-height-default\" data-id=\"cc8af21\" data-element_type=\"section\" data-settings=\"{&quot;background_background&quot;:&quot;slideshow&quot;,&quot;background_slideshow_gallery&quot;:[{&quot;id&quot;:1203,&quot;url&quot;:&quot;https:\\\/\\\/gaviaspreview.com\\\/wp\\\/conult\\\/wp-content\\\/uploads\\\/2021\\\/12\\\/bg-9.jpg&quot;},{&quot;id&quot;:1008,&quot;url&quot;:&quot;https:\\\/\\\/gaviaspreview.com\\\/wp\\\/conult\\\/wp-content\\\/uploads\\\/2021\\\/10\\\/breadcrumb.jpg&quot;}],&quot;background_slideshow_ken_burns&quot;:&quot;yes&quot;,&quot;background_slideshow_loop&quot;:&quot;yes&quot;,&quot;background_slideshow_slide_duration&quot;:5000,&quot;background_slideshow_slide_transition&quot;:&quot;fade&quot;,&quot;background_slideshow_transition_duration&quot;:500,&quot;background_slideshow_ken_burns_zoom_direction&quot;:&quot;in&quot;}\">\n\t\t\t\t\t\t<div class=\"elementor-container elementor-column-gap-default\">\n\t\t\t\t\t<div class=\"elementor-column elementor-col-100 elementor-top-column elementor-element elementor-element-1081aa2\" data-id=\"1081aa2\" data-element_type=\"column\">\n\t\t\t<div class=\"elementor-widget-wrap elementor-element-populated\">\n\t\t\t\t\t\t\t\t<div class=\"elementor-element elementor-element-c7f03a3 elementor-widget elementor-widget-gva-heading-block\" data-id=\"c7f03a3\" data-element_type=\"widget\" data-widget_type=\"gva-heading-block.default\">\n\t\t\t\t<div class=\"elementor-widget-container\">\n\t\t\t<div class=\"gva-element-gva-heading-block gva-element\">   <div class=\"align-center style-1 widget gsc-heading box-align-left auto-responsive\">\r\n      <div class=\"content-inner\">\r\n         \r\n         \r\n         \r\n           \r\n         \r\n                     <h2 class=\"title\">\r\n               <span>Contacta amb nosaltres<\/span>\r\n            <\/h2>\r\n                              <div class=\"title-desc\">Sempre encantats d'ajudar-te<\/div>\r\n         \r\n         \r\n      <\/div>\r\n   <\/div>\r\n<\/div>\t\t<\/div>\n\t\t\t\t<\/div>\n\t\t\t\t\t<\/div>\n\t\t<\/div>\n\t\t\t\t\t\t\t<\/div>\n\t\t<\/section>\n\t\t\t\t<section class=\"elementor-section elementor-top-section elementor-element elementor-element-58d10fa elementor-section-boxed elementor-section-height-default elementor-section-height-default\" data-id=\"58d10fa\" data-element_type=\"section\">\n\t\t\t\t\t\t<div class=\"elementor-container elementor-column-gap-default\">\n\t\t\t\t\t<div class=\"elementor-column elementor-col-100 elementor-top-column elementor-element elementor-element-c178133\" data-id=\"c178133\" data-element_type=\"column\">\n\t\t\t<div class=\"elementor-widget-wrap elementor-element-populated\">\n\t\t\t\t\t\t\t\t<div class=\"elementor-element elementor-element-53e4b16 elementor-widget elementor-widget-html\" data-id=\"53e4b16\" data-element_type=\"widget\" data-widget_type=\"html.default\">\n\t\t\t\t<div class=\"elementor-widget-container\">\n\t\t\t\n          <iframe src=\"https:\/\/www.google.com\/maps\/embed?pb=!1m18!1m12!1m3!1d2993.505920865597!2d2.1600365999999998!3d41.38481809999999!2m3!1f0!2f0!3f0!3m2!1i1024!2i768!4f13.1!3m3!1m2!1s0x12a4a28be0ff2119%3A0x8c4bc77fa5617521!2sC%2F%20de%20la%20Diputaci%C3%B3%2C%20180%2C%2008011%20Barcelona!5e0!3m2!1ses!2ses!4v1678701948120!5m2!1ses!2ses\" width=\"100%\" height=\"450\" style=\"border:0;\" allowfullscreen=\"\" loading=\"lazy\" referrerpolicy=\"no-referrer-when-downgrade\"><\/iframe>\n        \t\t<\/div>\n\t\t\t\t<\/div>\n\t\t\t\t\t<\/div>\n\t\t<\/div>\n\t\t\t\t\t\t\t<\/div>\n\t\t<\/section>\n\t\t\t\t<section class=\"elementor-section elementor-top-section elementor-element elementor-element-4c28251 elementor-section-boxed elementor-section-height-default elementor-section-height-default\" data-id=\"4c28251\" data-element_type=\"section\">\n\t\t\t\t\t\t<div class=\"elementor-container elementor-column-gap-default\">\n\t\t\t\t\t<div class=\"elementor-column elementor-col-50 elementor-top-column elementor-element elementor-element-3723b0c\" data-id=\"3723b0c\" data-element_type=\"column\">\n\t\t\t<div class=\"elementor-widget-wrap elementor-element-populated\">\n\t\t\t\t\t\t\t\t<div class=\"elementor-element elementor-element-e8a390c elementor-widget elementor-widget-heading\" data-id=\"e8a390c\" data-element_type=\"widget\" data-widget_type=\"heading.default\">\n\t\t\t\t<div class=\"elementor-widget-container\">\n\t\t\t<h2 class=\"elementor-heading-title elementor-size-default\">Elevant la teva empresa a noves altituds<\/h2>\t\t<\/div>\n\t\t\t\t<\/div>\n\t\t\t\t<section class=\"elementor-section elementor-inner-section elementor-element elementor-element-3a7b401 elementor-section-boxed elementor-section-height-default elementor-section-height-default\" data-id=\"3a7b401\" data-element_type=\"section\">\n\t\t\t\t\t\t<div class=\"elementor-container elementor-column-gap-default\">\n\t\t\t\t\t<div class=\"elementor-column elementor-col-50 elementor-inner-column elementor-element elementor-element-8fc32a7\" data-id=\"8fc32a7\" data-element_type=\"column\">\n\t\t\t<div class=\"elementor-widget-wrap elementor-element-populated\">\n\t\t\t\t\t\t\t\t<div class=\"elementor-element elementor-element-a723181 elementor-widget elementor-widget-image\" data-id=\"a723181\" data-element_type=\"widget\" data-widget_type=\"image.default\">\n\t\t\t\t<div class=\"elementor-widget-container\">\n\t\t\t\t\t\t\t\t\t\t\t\t\t\t\t<img decoding=\"async\" width=\"270\" height=\"131\" src=\"https:\/\/fgconsultores.es\/wp-content\/uploads\/2023\/03\/gestoria_en_barcelona.png\" class=\"attachment-full size-full wp-image-2394\" alt=\"\" loading=\"lazy\" \/>\t\t\t\t\t\t\t\t\t\t\t\t\t\t\t<\/div>\n\t\t\t\t<\/div>\n\t\t\t\t\t<\/div>\n\t\t<\/div>\n\t\t\t\t<div class=\"elementor-column elementor-col-50 elementor-inner-column elementor-element elementor-element-291d273\" data-id=\"291d273\" data-element_type=\"column\">\n\t\t\t<div class=\"elementor-widget-wrap elementor-element-populated\">\n\t\t\t\t\t\t\t\t<div class=\"elementor-element elementor-element-1ff829c elementor-widget elementor-widget-text-editor\" data-id=\"1ff829c\" data-element_type=\"widget\" data-widget_type=\"text-editor.default\">\n\t\t\t\t<div class=\"elementor-widget-container\">\n\t\t\t\t\t\t\t<p>L&#8217;assessoria d&#8217;empreses pot ser una inversi\u00f3 valuosa per a qualsevol empresa que busqui cr\u00e9ixer i millorar-ne l&#8217;exercici financer.<\/p>\n\t\t\t\t\t\t<\/div>\n\t\t\t\t<\/div>\n\t\t\t\t<div class=\"elementor-element elementor-element-da45db2 elementor-widget elementor-widget-html\" data-id=\"da45db2\" data-element_type=\"widget\" data-widget_type=\"html.default\">\n\t\t\t\t<div class=\"elementor-widget-container\">\n\t\t\t\n          <div>\n            \n\n            <span class=\"signature-text\">\n Cristian Flores\n<\/span>\n            \n\n            <span class=\"text-black\">\n- FG Founder\n<\/span>\n            \n\n          <\/div>\n        \t\t<\/div>\n\t\t\t\t<\/div>\n\t\t\t\t\t<\/div>\n\t\t<\/div>\n\t\t\t\t\t\t\t<\/div>\n\t\t<\/section>\n\t\t\t\t\t<\/div>\n\t\t<\/div>\n\t\t\t\t<div class=\"elementor-column elementor-col-50 elementor-top-column elementor-element elementor-element-99ff15c\" data-id=\"99ff15c\" data-element_type=\"column\" data-settings=\"{&quot;background_background&quot;:&quot;classic&quot;}\">\n\t\t\t<div class=\"elementor-widget-wrap elementor-element-populated\">\n\t\t\t\t\t\t\t\t<div class=\"elementor-element elementor-element-3343e09 elementor-widget elementor-widget-gva-heading-block\" data-id=\"3343e09\" data-element_type=\"widget\" data-widget_type=\"gva-heading-block.default\">\n\t\t\t\t<div class=\"elementor-widget-container\">\n\t\t\t<div class=\"gva-element-gva-heading-block gva-element\">   <div class=\"align-left style-3 widget gsc-heading box-align-left auto-responsive\">\r\n      <div class=\"content-inner\">\r\n         \r\n         \r\n         \r\n           \r\n         \r\n                     <h2 class=\"title\">\r\n               <span>Contacta'ns!<\/span>\r\n            <\/h2>\r\n                  \r\n         \r\n      <\/div>\r\n   <\/div>\r\n<\/div>\t\t<\/div>\n\t\t\t\t<\/div>\n\t\t\t\t<div class=\"elementor-element elementor-element-49a9fe2 elementor-widget elementor-widget-gva-heading-block\" data-id=\"49a9fe2\" data-element_type=\"widget\" data-widget_type=\"gva-heading-block.default\">\n\t\t\t\t<div class=\"elementor-widget-container\">\n\t\t\t<div class=\"gva-element-gva-heading-block gva-element\">   <div class=\"align-left style-3 widget gsc-heading box-align-left auto-responsive\">\r\n      <div class=\"content-inner\">\r\n         \r\n         \r\n         \r\n                     <div class=\"sub-title\">\r\n               <span class=\"tagline\">Correu electr\u00f2nic<\/span> \r\n            <\/div>\r\n           \r\n         \r\n                     <h2 class=\"title\">\r\n               <span><a href=\"mailto:cristian@fgconsultores.es\">cristian@fgconsultores.es<\/a><\/span>\r\n            <\/h2>\r\n                  \r\n         \r\n      <\/div>\r\n   <\/div>\r\n<\/div>\t\t<\/div>\n\t\t\t\t<\/div>\n\t\t\t\t<div class=\"elementor-element elementor-element-2a5a87b elementor-widget elementor-widget-gva-heading-block\" data-id=\"2a5a87b\" data-element_type=\"widget\" data-widget_type=\"gva-heading-block.default\">\n\t\t\t\t<div class=\"elementor-widget-container\">\n\t\t\t<div class=\"gva-element-gva-heading-block gva-element\">   <div class=\"align-left style-3 widget gsc-heading box-align-left auto-responsive\">\r\n      <div class=\"content-inner\">\r\n         \r\n         \r\n         \r\n                     <div class=\"sub-title\">\r\n               <span class=\"tagline\">Visita la nostra oficina<\/span> \r\n            <\/div>\r\n           \r\n         \r\n                     <h2 class=\"title\">\r\n               <span>C\/Diputaci\u00f3, 180 - 1C, 08011 Barcelona<\/span>\r\n            <\/h2>\r\n                  \r\n         \r\n      <\/div>\r\n   <\/div>\r\n<\/div>\t\t<\/div>\n\t\t\t\t<\/div>\n\t\t\t\t\t<\/div>\n\t\t<\/div>\n\t\t\t\t\t\t\t<\/div>\n\t\t<\/section>\n\t\t\t\t<section class=\"elementor-section elementor-top-section elementor-element elementor-element-31c9255 elementor-section-boxed elementor-section-height-default elementor-section-height-default\" data-id=\"31c9255\" data-element_type=\"section\">\n\t\t\t\t\t\t<div class=\"elementor-container elementor-column-gap-default\">\n\t\t\t\t\t<div class=\"elementor-column elementor-col-100 elementor-top-column elementor-element elementor-element-1c1706c\" data-id=\"1c1706c\" data-element_type=\"column\">\n\t\t\t<div class=\"elementor-widget-wrap elementor-element-populated\">\n\t\t\t\t\t\t\t\t<div class=\"elementor-element elementor-element-562bac5 elementor-widget elementor-widget-gva-heading-block\" data-id=\"562bac5\" data-element_type=\"widget\" data-widget_type=\"gva-heading-block.default\">\n\t\t\t\t<div class=\"elementor-widget-container\">\n\t\t\t<div class=\"gva-element-gva-heading-block gva-element\">   <div class=\"align-center style-1 widget gsc-heading box-align-left auto-responsive\">\r\n      <div class=\"content-inner\">\r\n         \r\n         \r\n         <div class=\"heading-line\"><span><\/span><span><\/span><\/div>\r\n                     <div class=\"sub-title\">\r\n               <span class=\"tagline\">Contacta amb nosaltres<\/span> \r\n            <\/div>\r\n           \r\n         \r\n                     <h2 class=\"title\">\r\n               <span>Fes-nos la teva consulta<\/span>\r\n            <\/h2>\r\n                  \r\n         \r\n      <\/div>\r\n   <\/div>\r\n<\/div>\t\t<\/div>\n\t\t\t\t<\/div>\n\t\t\t\t<div class=\"elementor-element elementor-element-e9b0e06 elementor-widget elementor-widget-shortcode\" data-id=\"e9b0e06\" data-element_type=\"widget\" data-widget_type=\"shortcode.default\">\n\t\t\t\t<div class=\"elementor-widget-container\">\n\t\t\t\t\t<div class=\"elementor-shortcode\"> \n<div class=\"wpcf7 no-js\" id=\"wpcf7-f2556-o1\" lang=\"ca\" dir=\"ltr\">\n<div class=\"screen-reader-response\"><p role=\"status\" aria-live=\"polite\" aria-atomic=\"true\"><\/p> <ul><\/ul><\/div>\n<form action=\"\/ca\/wp-json\/wp\/v2\/pages\/2417#wpcf7-f2556-o1\" method=\"post\" class=\"wpcf7-form init\" aria-label=\"Formulari de contacte\" novalidate=\"novalidate\" data-status=\"init\">\n<div style=\"display: none;\">\n<input type=\"hidden\" name=\"_wpcf7\" value=\"2556\" \/>\n<input type=\"hidden\" name=\"_wpcf7_version\" value=\"5.7.6\" \/>\n<input type=\"hidden\" name=\"_wpcf7_locale\" value=\"ca\" \/>\n<input type=\"hidden\" name=\"_wpcf7_unit_tag\" value=\"wpcf7-f2556-o1\" \/>\n<input type=\"hidden\" name=\"_wpcf7_container_post\" value=\"0\" \/>\n<input type=\"hidden\" name=\"_wpcf7_posted_data_hash\" value=\"\" \/>\n<input type=\"hidden\" name=\"_wpcf7_recaptcha_response\" value=\"\" \/>\n<\/div>\n<div class=\"row\">\n<div class=\"col-sm-6 col-xs-12\"><label> Nom<\/label><span class=\"wpcf7-form-control-wrap\" data-name=\"your-name\"><input size=\"40\" class=\"wpcf7-form-control wpcf7-text wpcf7-validates-as-required\" autocomplete=\"name\" aria-required=\"true\" aria-invalid=\"false\" value=\"\" type=\"text\" name=\"your-name\" \/><\/span> <\/div>\n<div class=\"col-sm-6 col-xs-12\">\n<label> Cognoms<\/label><span class=\"wpcf7-form-control-wrap\" data-name=\"apellidos\"><input size=\"40\" class=\"wpcf7-form-control wpcf7-text wpcf7-validates-as-required\" autocomplete=\"apellidos\" aria-required=\"true\" aria-invalid=\"false\" value=\"\" type=\"text\" name=\"apellidos\" \/><\/span><\/div>\n<div class=\"col-sm-6 col-xs-12\">\n<label> Email<\/label><span class=\"wpcf7-form-control-wrap\" data-name=\"your-email\"><input size=\"40\" class=\"wpcf7-form-control wpcf7-text wpcf7-email wpcf7-validates-as-required wpcf7-validates-as-email\" autocomplete=\"email\" aria-required=\"true\" aria-invalid=\"false\" value=\"\" type=\"email\" name=\"your-email\" \/><\/span><\/div>\n<div class=\"col-sm-6 col-xs-12\">\n<label> Tel\u00e8fon<\/label><span class=\"wpcf7-form-control-wrap\" data-name=\"telefono\"><input size=\"40\" class=\"wpcf7-form-control wpcf7-text wpcf7-validates-as-required\" autocomplete=\"telefono\" aria-required=\"true\" aria-invalid=\"false\" value=\"\" type=\"text\" name=\"telefono\" \/><\/span><\/div>\n<div class=\"col-sm-12 col-xs-12\"><label> Missatge<\/label><span class=\"wpcf7-form-control-wrap\" data-name=\"your-message\"><textarea cols=\"40\" rows=\"10\" class=\"wpcf7-form-control wpcf7-textarea\" aria-invalid=\"false\" name=\"your-message\"><\/textarea><\/span><\/div>\n\n<!-- POLITICA DE PRIVACIDAD -->\n<div class=\"col-sm-12 col-xs-12\">\n<div class=\"checkbox\">\n\n<span class=\"wpcf7-form-control-wrap\" data-name=\"politica-privacidad\"><span class=\"wpcf7-form-control wpcf7-acceptance\"><span class=\"wpcf7-list-item\"><label><input type=\"checkbox\" name=\"politica-privacidad\" value=\"1\" aria-invalid=\"false\" \/><span class=\"wpcf7-list-item-label\">Entenc que amb l'enviament d'aquest formulari accepto la <a href=\"\/ca\/politica-de-privadesa\/\" target=\"_new\"style=\"color: #61acdd;text-decoration: underline;\">Pol\u00edtica de Privadesa<\/a><\/span><\/label><\/span><\/span><\/span>\n<\/div>\n<\/div>\n\n<!-- ENVIO NEWS-->\n<div class=\"col-sm-12 col-xs-12\">\n<div class=\"checkbox\">\n<span class=\"wpcf7-form-control-wrap\" data-name=\"acepta-newsletter\"><span class=\"wpcf7-form-control wpcf7-acceptance optional\"><span class=\"wpcf7-list-item\"><label><input type=\"checkbox\" name=\"acepta-newsletter\" value=\"1\" aria-invalid=\"false\" \/><span class=\"wpcf7-list-item-label\">Accepto subscriure'm a la newsletter i rebre promocions<\/span><\/label><\/span><\/span><\/span>\n<\/div>\n<\/div>\n\n<div class=\"col-sm-12 col-xs-12\"><input class=\"wpcf7-form-control has-spinner wpcf7-submit\" type=\"submit\" value=\"Enviar\" \/><\/div>\n<\/div><p style=\"display: none !important;\"><label>&#916;<textarea name=\"_wpcf7_ak_hp_textarea\" cols=\"45\" rows=\"8\" maxlength=\"100\"><\/textarea><\/label><input type=\"hidden\" id=\"ak_js_1\" name=\"_wpcf7_ak_js\" value=\"238\"\/><script>document.getElementById( \"ak_js_1\" ).setAttribute( \"value\", ( new Date() ).getTime() );<\/script><\/p><div class=\"wpcf7-response-output\" aria-hidden=\"true\"><\/div>\n<\/form>\n<\/div>\n<\/div>\n\t\t\t\t<\/div>\n\t\t\t\t<\/div>\n\t\t\t\t\t<\/div>\n\t\t<\/div>\n\t\t\t\t\t\t\t<\/div>\n\t\t<\/section>\n\t\t\t\t\t\t\t<\/div>\n\t\t","protected":false},"excerpt":{"rendered":"<p>Contacta amb nosaltres Sempre encantats d&#8217;ajudar-te Elevant la teva empresa a noves altituds L&#8217;assessoria d&#8217;empreses pot ser una inversi\u00f3 valuosa per a qualsevol empresa que busqui cr\u00e9ixer i millorar-ne l&#8217;exercici financer. Cristian Flores &#8211; FG Founder Contacta&#8217;ns! Correu electr\u00f2nic cristian@fgconsultores.es Visita la nostra oficina C\/Diputaci\u00f3, 180 &#8211; 1C, 08011 Barcelona Contacta amb nosaltres Fes-nos la [&hellip;]<\/p>\n","protected":false},"author":2,"featured_media":0,"parent":0,"menu_order":0,"comment_status":"closed","ping_status":"closed","template":"","meta":[],"yoast_head":"<!-- This site is optimized with the Yoast SEO plugin v20.5 - https:\/\/yoast.com\/wordpress\/plugins\/seo\/ -->\n<title>Contactar Assessoria a Barcelona | FG Assessors i Consultors<\/title>\n<meta name=\"description\" content=\"Contactar Assessoria a Barcelona. A FG Assessors i Consultors Treballem amb excel\u00b7l\u00e8ncia perqu\u00e8 puguis centrar-te en el teu negoci, contacta&#039;ns.\" \/>\n<meta name=\"robots\" content=\"index, follow, max-snippet:-1, max-image-preview:large, max-video-preview:-1\" \/>\n<link rel=\"canonical\" href=\"https:\/\/fgconsultores.es\/ca\/contacte\/\" \/>\n<meta property=\"og:locale\" content=\"ca_ES\" \/>\n<meta property=\"og:type\" content=\"article\" \/>\n<meta property=\"og:title\" content=\"Contactar Assessoria a Barcelona | FG Assessors i Consultors\" \/>\n<meta property=\"og:description\" content=\"Contactar Assessoria a Barcelona. A FG Assessors i Consultors Treballem amb excel\u00b7l\u00e8ncia perqu\u00e8 puguis centrar-te en el teu negoci, contacta&#039;ns.\" \/>\n<meta property=\"og:url\" content=\"https:\/\/fgconsultores.es\/ca\/contacte\/\" \/>\n<meta property=\"og:site_name\" content=\"FG Asesores y Consultores\" \/>\n<meta property=\"article:modified_time\" content=\"2023-03-28T10:28:56+00:00\" \/>\n<meta property=\"og:image\" content=\"https:\/\/fgconsultores.es\/wp-content\/uploads\/2023\/03\/gestoria_en_barcelona.png\" \/>\n<meta name=\"twitter:card\" content=\"summary_large_image\" \/>\n<meta name=\"twitter:label1\" content=\"Temps estimat de lectura\" \/>\n\t<meta name=\"twitter:data1\" content=\"1 minut\" \/>\n<script type=\"application\/ld+json\" class=\"yoast-schema-graph\">{\"@context\":\"https:\/\/schema.org\",\"@graph\":[{\"@type\":\"WebPage\",\"@id\":\"https:\/\/fgconsultores.es\/ca\/contacte\/\",\"url\":\"https:\/\/fgconsultores.es\/ca\/contacte\/\",\"name\":\"Contactar Assessoria a Barcelona | FG Assessors i Consultors\",\"isPartOf\":{\"@id\":\"https:\/\/fgconsultores.es\/ca\/#website\"},\"datePublished\":\"2023-03-13T02:53:35+00:00\",\"dateModified\":\"2023-03-28T10:28:56+00:00\",\"description\":\"Contactar Assessoria a Barcelona. A FG Assessors i Consultors Treballem amb excel\u00b7l\u00e8ncia perqu\u00e8 puguis centrar-te en el teu negoci, contacta'ns.\",\"breadcrumb\":{\"@id\":\"https:\/\/fgconsultores.es\/ca\/contacte\/#breadcrumb\"},\"inLanguage\":\"ca\",\"potentialAction\":[{\"@type\":\"ReadAction\",\"target\":[\"https:\/\/fgconsultores.es\/ca\/contacte\/\"]}]},{\"@type\":\"BreadcrumbList\",\"@id\":\"https:\/\/fgconsultores.es\/ca\/contacte\/#breadcrumb\",\"itemListElement\":[{\"@type\":\"ListItem\",\"position\":1,\"name\":\"Portada\",\"item\":\"https:\/\/fgconsultores.es\/ca\/\"},{\"@type\":\"ListItem\",\"position\":2,\"name\":\"Contacte\"}]},{\"@type\":\"WebSite\",\"@id\":\"https:\/\/fgconsultores.es\/ca\/#website\",\"url\":\"https:\/\/fgconsultores.es\/ca\/\",\"name\":\"FG Asesores y Consultores en Barcelona\",\"description\":\"Asesor\u00eda en Barcelona para aut\u00f3nomos y pymes\",\"publisher\":{\"@id\":\"https:\/\/fgconsultores.es\/ca\/#organization\"},\"potentialAction\":[{\"@type\":\"SearchAction\",\"target\":{\"@type\":\"EntryPoint\",\"urlTemplate\":\"https:\/\/fgconsultores.es\/ca\/?s={search_term_string}\"},\"query-input\":\"required name=search_term_string\"}],\"inLanguage\":\"ca\"},{\"@type\":\"Organization\",\"@id\":\"https:\/\/fgconsultores.es\/ca\/#organization\",\"name\":\"FG Asesores y Consultores en Barcelona\",\"url\":\"https:\/\/fgconsultores.es\/ca\/\",\"logo\":{\"@type\":\"ImageObject\",\"inLanguage\":\"ca\",\"@id\":\"https:\/\/fgconsultores.es\/ca\/#\/schema\/logo\/image\/\",\"url\":\"https:\/\/fgconsultores.es\/wp-content\/uploads\/2021\/08\/Logo_fg_asesores.png\",\"contentUrl\":\"https:\/\/fgconsultores.es\/wp-content\/uploads\/2021\/08\/Logo_fg_asesores.png\",\"width\":1843,\"height\":459,\"caption\":\"FG Asesores y Consultores en Barcelona\"},\"image\":{\"@id\":\"https:\/\/fgconsultores.es\/ca\/#\/schema\/logo\/image\/\"}}]}<\/script>\n<!-- \/ Yoast SEO plugin. -->","yoast_head_json":{"title":"Contactar Assessoria a Barcelona | FG Assessors i Consultors","description":"Contactar Assessoria a Barcelona. A FG Assessors i Consultors Treballem amb excel\u00b7l\u00e8ncia perqu\u00e8 puguis centrar-te en el teu negoci, contacta'ns.","robots":{"index":"index","follow":"follow","max-snippet":"max-snippet:-1","max-image-preview":"max-image-preview:large","max-video-preview":"max-video-preview:-1"},"canonical":"https:\/\/fgconsultores.es\/ca\/contacte\/","og_locale":"ca_ES","og_type":"article","og_title":"Contactar Assessoria a Barcelona | FG Assessors i Consultors","og_description":"Contactar Assessoria a Barcelona. A FG Assessors i Consultors Treballem amb excel\u00b7l\u00e8ncia perqu\u00e8 puguis centrar-te en el teu negoci, contacta'ns.","og_url":"https:\/\/fgconsultores.es\/ca\/contacte\/","og_site_name":"FG Asesores y Consultores","article_modified_time":"2023-03-28T10:28:56+00:00","og_image":[{"url":"https:\/\/fgconsultores.es\/wp-content\/uploads\/2023\/03\/gestoria_en_barcelona.png"}],"twitter_card":"summary_large_image","twitter_misc":{"Temps estimat de lectura":"1 minut"},"schema":{"@context":"https:\/\/schema.org","@graph":[{"@type":"WebPage","@id":"https:\/\/fgconsultores.es\/ca\/contacte\/","url":"https:\/\/fgconsultores.es\/ca\/contacte\/","name":"Contactar Assessoria a Barcelona | FG Assessors i Consultors","isPartOf":{"@id":"https:\/\/fgconsultores.es\/ca\/#website"},"datePublished":"2023-03-13T02:53:35+00:00","dateModified":"2023-03-28T10:28:56+00:00","description":"Contactar Assessoria a Barcelona. A FG Assessors i Consultors Treballem amb excel\u00b7l\u00e8ncia perqu\u00e8 puguis centrar-te en el teu negoci, contacta'ns.","breadcrumb":{"@id":"https:\/\/fgconsultores.es\/ca\/contacte\/#breadcrumb"},"inLanguage":"ca","potentialAction":[{"@type":"ReadAction","target":["https:\/\/fgconsultores.es\/ca\/contacte\/"]}]},{"@type":"BreadcrumbList","@id":"https:\/\/fgconsultores.es\/ca\/contacte\/#breadcrumb","itemListElement":[{"@type":"ListItem","position":1,"name":"Portada","item":"https:\/\/fgconsultores.es\/ca\/"},{"@type":"ListItem","position":2,"name":"Contacte"}]},{"@type":"WebSite","@id":"https:\/\/fgconsultores.es\/ca\/#website","url":"https:\/\/fgconsultores.es\/ca\/","name":"FG Asesores y Consultores en Barcelona","description":"Asesor\u00eda en Barcelona para aut\u00f3nomos y pymes","publisher":{"@id":"https:\/\/fgconsultores.es\/ca\/#organization"},"potentialAction":[{"@type":"SearchAction","target":{"@type":"EntryPoint","urlTemplate":"https:\/\/fgconsultores.es\/ca\/?s={search_term_string}"},"query-input":"required name=search_term_string"}],"inLanguage":"ca"},{"@type":"Organization","@id":"https:\/\/fgconsultores.es\/ca\/#organization","name":"FG Asesores y Consultores en Barcelona","url":"https:\/\/fgconsultores.es\/ca\/","logo":{"@type":"ImageObject","inLanguage":"ca","@id":"https:\/\/fgconsultores.es\/ca\/#\/schema\/logo\/image\/","url":"https:\/\/fgconsultores.es\/wp-content\/uploads\/2021\/08\/Logo_fg_asesores.png","contentUrl":"https:\/\/fgconsultores.es\/wp-content\/uploads\/2021\/08\/Logo_fg_asesores.png","width":1843,"height":459,"caption":"FG Asesores y Consultores en Barcelona"},"image":{"@id":"https:\/\/fgconsultores.es\/ca\/#\/schema\/logo\/image\/"}}]}},"_links":{"self":[{"href":"https:\/\/fgconsultores.es\/ca\/wp-json\/wp\/v2\/pages\/2417"}],"collection":[{"href":"https:\/\/fgconsultores.es\/ca\/wp-json\/wp\/v2\/pages"}],"about":[{"href":"https:\/\/fgconsultores.es\/ca\/wp-json\/wp\/v2\/types\/page"}],"author":[{"embeddable":true,"href":"https:\/\/fgconsultores.es\/ca\/wp-json\/wp\/v2\/users\/2"}],"replies":[{"embeddable":true,"href":"https:\/\/fgconsultores.es\/ca\/wp-json\/wp\/v2\/comments?post=2417"}],"version-history":[{"count":0,"href":"https:\/\/fgconsultores.es\/ca\/wp-json\/wp\/v2\/pages\/2417\/revisions"}],"wp:attachment":[{"href":"https:\/\/fgconsultores.es\/ca\/wp-json\/wp\/v2\/media?parent=2417"}],"curies":[{"name":"wp","href":"https:\/\/api.w.org\/{rel}","templated":true}]}}