{"id":2448,"date":"2023-03-23T12:29:44","date_gmt":"2023-03-23T11:29:44","guid":{"rendered":"https:\/\/fgconsultores.es\/politica-de-cookies\/"},"modified":"2023-03-27T12:00:26","modified_gmt":"2023-03-27T10:00:26","slug":"politica-de-cookies","status":"publish","type":"page","link":"https:\/\/fgconsultores.es\/ca\/politica-de-cookies\/","title":{"rendered":"Pol\u00edtica de Cookies"},"content":{"rendered":"\t\t<div data-elementor-type=\"wp-page\" data-elementor-id=\"2448\" class=\"elementor elementor-2448 elementor-2136\">\n\t\t\t\t\t\t\t\t\t<section class=\"elementor-section elementor-top-section elementor-element elementor-element-197652b elementor-section-boxed elementor-section-height-default elementor-section-height-default\" data-id=\"197652b\" data-element_type=\"section\">\n\t\t\t\t\t\t<div class=\"elementor-container elementor-column-gap-default\">\n\t\t\t\t\t<div class=\"elementor-column elementor-col-100 elementor-top-column elementor-element elementor-element-e0b0070\" data-id=\"e0b0070\" data-element_type=\"column\">\n\t\t\t<div class=\"elementor-widget-wrap elementor-element-populated\">\n\t\t\t\t\t\t\t\t<div class=\"elementor-element elementor-element-fd44247 elementor-widget elementor-widget-text-editor\" data-id=\"fd44247\" data-element_type=\"widget\" data-widget_type=\"text-editor.default\">\n\t\t\t\t<div class=\"elementor-widget-container\">\n\t\t\t\t\t\t\t<p>FG Asesores y Consultores SL informa sobre l&#8217;\u00fas de les cookies a la seva p\u00e0gina web: www.fgconsultores.es<\/p>\n<p>\n            <strong>Qu\u00e8 s\u00f3n les galetes?<\/strong>\n          <\/p>\n<p>Les cookies s\u00f3n arxius que es poden descarregar al vostre equip a trav\u00e9s de les p\u00e0gines web. S\u00f3n eines que tenen un paper essencial per a la prestaci\u00f3 de nombrosos serveis de la societat de la informaci\u00f3. Entre altres, permeten a una p\u00e0gina web emmagatzemar i recuperar informaci\u00f3 sobre els h\u00e0bits de navegaci\u00f3 d&#8217;un usuari o del vostre equip i, depenent de la informaci\u00f3 obtinguda, es poden utilitzar per recon\u00e8ixer l&#8217;usuari i millorar el servei ofert.<\/p>\n<p>\n            <strong>Tipus de cookies<\/strong>\n          <\/p>\n<p>Segons qui sigui l&#8217;entitat que gestioni el domini des d&#8217;on s&#8217;envien les galetes i tracti les dades que s&#8217;obtinguin es poden distingir dos tipus:<\/p>\n<ul>\n<li>Cookies pr\u00f2pies: Aquelles que s&#8217;envien a l&#8217;equip terminal de l&#8217;usuari des d&#8217;un equip o domini gestionat pel mateix editor i des del qual es presta el servei sol\u00b7licitat per l&#8217;usuari.<\/li>\n<li>Galetes de tercers: Aquelles que s&#8217;envien a l&#8217;equip terminal de l&#8217;usuari des d&#8217;un equip o domini que no \u00e9s gestionat per l&#8217;editor, sin\u00f3 per una altra entitat que tracta les dades obtingudes a trav\u00e9s de les galetes.<\/li>\n<\/ul>\n<p>En el cas que les cookies siguin instal\u00b7lades des d&#8217;un equip o domini gestionat pel mateix editor per\u00f2 la informaci\u00f3 que es reculli mitjan\u00e7ant aquestes sigui gestionada per un tercer, no poden ser considerades com a cookies pr\u00f2pies.<\/p>\n<p>Hi ha tamb\u00e9 una segona classificaci\u00f3 segons el termini de temps que romanen emmagatzemades al navegador del client, podent tractar-se de:<\/p>\n<ul>\n<li>Cookies de sessi\u00f3: Dissenyades per demanar i emmagatzemar dades mentre l&#8217;usuari accedeix a una p\u00e0gina web. Es solen emprar per emmagatzemar informaci\u00f3 que nom\u00e9s interessa conservar per a la prestaci\u00f3 del servei sol\u00b7licitat per l&#8217;usuari en una sola ocasi\u00f3 (pe una llista de productes adquirits).<\/li>\n<li>Cookies persistents: Les dades segueixen emmagatzemades al terminal i poden ser accedides i tractades durant un per\u00edode definit pel responsable de la galeta, i que pot anar d&#8217;uns minuts a diversos anys.<\/li>\n<\/ul>\n<p>Finalment, hi ha una altra classificaci\u00f3 amb sis tipus de cookies segons la finalitat per a la qual es tractin les dades obtingudes:<\/p>\n<ul>\n<li>Cookies t\u00e8cniques: Aquelles que permeten a l&#8217;usuari la navegaci\u00f3 a trav\u00e9s d&#8217;una p\u00e0gina web, plataforma o aplicaci\u00f3 i la utilitzaci\u00f3 de les diferents opcions o serveis que hi hagi com, per exemple, controlar el tr\u00e0nsit i la comunicaci\u00f3 de dades, identificar la sessi\u00f3 , accedir a parts d&#8217;acc\u00e9s restringit, recordar els elements que integren una comanda, realitzar el proc\u00e9s de compra d&#8217;una comanda, fer la sol\u00b7licitud d&#8217;inscripci\u00f3 o participaci\u00f3 en un esdeveniment, utilitzar elements de seguretat durant la navegaci\u00f3, emmagatzemar continguts per a la difusi\u00f3 de v\u00eddeos o so o compartir continguts a trav\u00e9s de xarxes socials.<\/li>\n<li>Galetes de personalitzaci\u00f3: Permeten a l&#8217;usuari accedir al servei amb algunes caracter\u00edstiques de car\u00e0cter general predefinides en funci\u00f3 d&#8217;una s\u00e8rie de criteris al terminal de l&#8217;usuari com ara serien l&#8217;idioma, el tipus de navegador a trav\u00e9s del qual accedeix al servei, la configuraci\u00f3 regional des d&#8217;on accedeix al servei, etc.<\/li>\n<li>Galetes d&#8217;an\u00e0lisi: Permeten al responsable de les mateixes, el seguiment i l&#8217;an\u00e0lisi del comportament dels usuaris dels llocs web als quals estan vinculades. La informaci\u00f3 recollida mitjan\u00e7ant aquest tipus de cookies s&#8217;utilitza en el mesurament de l&#8217;activitat dels llocs web, aplicaci\u00f3 o plataforma i per a l&#8217;elaboraci\u00f3 de perfils de navegaci\u00f3 dels usuaris d&#8217;aquests llocs, aplicacions i plataformes, per introduir millores a funci\u00f3 de lan\u00e0lisi de les dades d\u00fas que fan els usuaris del servei.<\/li>\n<li>Galetes publicit\u00e0ries: Permeten la gesti\u00f3, de la manera m\u00e9s efica\u00e7 possible, dels espais publicitaris.<\/li>\n<li>Cookies de publicitat comportamental: Emmagatzemen informaci\u00f3 del comportament dels usuaris obtinguda a trav\u00e9s de l&#8217;observaci\u00f3 continuada dels seus h\u00e0bits de navegaci\u00f3, cosa que permet desenvolupar un perfil espec\u00edfic per mostrar publicitat en funci\u00f3 del mateix.<\/li>\n<li>Galetes de xarxes socials externes: S&#8217;utilitzen perqu\u00e8 els visitants puguin interactuar amb el contingut de diferents plataformes socials (facebook, youtube, twitter, linkedIn, etc..) i que es generin \u00fanicament per als usuaris d&#8217;aquestes xarxes socials. Les condicions d&#8217;utilitzaci\u00f3 d&#8217;aquestes galetes i la informaci\u00f3 recopilada es regula per la pol\u00edtica de privadesa de la plataforma social corresponent.<\/li>\n<\/ul>\n<p>\n            <strong>Desactivaci\u00f3 i eliminaci\u00f3 de cookies<\/strong>\n          <\/p>\n<p>Teniu l&#8217;opci\u00f3 de permetre, bloquejar o eliminar les cookies instal\u00b7lades al vostre equip mitjan\u00e7ant la configuraci\u00f3 de les opcions del navegador instal\u00b7lat al vostre equip. En desactivar galetes, alguns dels serveis disponibles podrien deixar d&#8217;estar operatius. La manera de deshabilitar les galetes \u00e9s diferent per a cada navegador, per\u00f2 normalment es pot fer des del men\u00fa Eines o Opcions. Tamb\u00e9 podeu consultar el men\u00fa d&#8217;Ajuda del navegador on podeu trobar instruccions. L&#8217;usuari podr\u00e0 en qualsevol moment triar quines galetes vol que funcionin en aquest lloc web.<\/p>\n<p>Podeu permetre, bloquejar o eliminar les cookies instal\u00b7lades al vostre equip mitjan\u00e7ant la configuraci\u00f3 de les opcions del navegador instal\u00b7lat al vostre ordinador:<\/p>\n<ul>\n<li>Microsoft Internet Explorer o Microsoft Edge: http:\/\/windows.microsoft.com\/es-es\/windows-vista\/Block-or-allow-cookies<\/li>\n<li>Mozilla Firefox: http:\/\/support.mozilla.org\/es\/kb\/impedir-que-los-sitios-web-guarden-sus-preferencia<\/li>\n<li>Chrome: https:\/\/support.google.com\/accounts\/answer\/61416?hl=ca<\/li>\n<li>Safari: http:\/\/safari.helpmax.net\/es\/privacidad-y-seguridad\/como-gestionar-las-cookies\/<\/li>\n<li>Opera: http:\/\/help.opera.com\/Linux\/10.60\/ca-ES\/cookies.html<\/li>\n<\/ul>\n<p>A m\u00e9s, tamb\u00e9 podeu gestionar el magatzem de cookies al vostre navegador a trav\u00e9s d&#8217;eines com les seg\u00fcents:<\/p>\n<ul>\n<li>Ghostery: www.ghostery.com<\/li>\n<li>Your Online Choices: www.youronlinechoices.com\/es\/<\/li>\n<\/ul>\n<p>Cookies utilitzades a www.fgconsultores.es:<\/p>\n<\/p>\n<table>\n<thead>\n<tr>\n<th style=\"text-align: left;\">Denominaci\u00f3<\/th>\n<th style=\"text-align: left;\">Titular<\/th>\n<th style=\"text-align: left;\">Durada<\/th>\n<th style=\"text-align: left;\">Finalitat<\/th>\n<\/tr>\n<\/thead>\n<tbody>\n<tr>\n<td style=\"text-align: left;\">1P_JAR<\/td>\n<td style=\"text-align: left;\">Google Adwords<\/td>\n<td style=\"text-align: left;\">Persistent<\/td>\n<td style=\"text-align: left;\">Publicit\u00e0ria<\/td>\n<\/tr>\n<tr>\n<td style=\"text-align: left;\">s_vi Adobe<\/td>\n<td style=\"text-align: left;\">Analytics<\/td>\n<td style=\"text-align: left;\">1 dia<\/td>\n<td style=\"text-align: left;\">Marca de data i hora de l&#8217;identificador de visitant \u00fanic<\/td>\n<\/tr>\n<tr>\n<td style=\"text-align: left;\">PHPSESSID<\/td>\n<td style=\"text-align: left;\">Cookie T\u00e8cnica<\/td>\n<td style=\"text-align: left;\">S&#8217;elimina en tancar el navegador<\/td>\n<td style=\"text-align: left;\">Cont\u00e9 l&#8217;identificador de sessi\u00f3. S&#8217;esborra quan es tanca el navegador<\/td>\n<\/tr>\n<\/tbody>\n<\/table>\n<p>www.fgconsultores.es mostra informaci\u00f3 sobre la seva Pol\u00edtica de cookies a la part inferior o superior de qualsevol p\u00e0gina del portal amb cada inici de sessi\u00f3.<\/p>\n<p>Davant d&#8217;aquesta informaci\u00f3 \u00e9s possible dur a terme les accions seg\u00fcents:<\/p>\n<ul>\n<li>Acceptar cookies: No es tornar\u00e0 a visualitzar aquest av\u00eds en accedir a qualsevol p\u00e0gina del portal durant aquesta sessi\u00f3.<\/li>\n<li>Modificar\/personalitzar la vostra configuraci\u00f3: Podreu obtenir m\u00e9s informaci\u00f3 sobre qu\u00e8 s\u00f3n les cookies, con\u00e8ixer la Pol\u00edtica de cookies de: www.fgconsultores.es i modificar la configuraci\u00f3 del vostre navegador.<\/li>\n<\/ul>\n<p>21\/03\/2023<\/p>\n\t\t\t\t\t\t<\/div>\n\t\t\t\t<\/div>\n\t\t\t\t\t<\/div>\n\t\t<\/div>\n\t\t\t\t\t\t\t<\/div>\n\t\t<\/section>\n\t\t\t\t\t\t\t<\/div>\n\t\t","protected":false},"excerpt":{"rendered":"<p>FG Asesores y Consultores SL informa sobre l&#8217;\u00fas de les cookies a la seva p\u00e0gina web: www.fgconsultores.es Qu\u00e8 s\u00f3n les galetes? Les cookies s\u00f3n arxius que es poden descarregar al vostre equip a trav\u00e9s de les p\u00e0gines web. S\u00f3n eines que tenen un paper essencial per a la prestaci\u00f3 de nombrosos serveis de la societat [&hellip;]<\/p>\n","protected":false},"author":2,"featured_media":0,"parent":0,"menu_order":0,"comment_status":"closed","ping_status":"closed","template":"","meta":[],"yoast_head":"<!-- This site is optimized with the Yoast SEO plugin v20.5 - https:\/\/yoast.com\/wordpress\/plugins\/seo\/ -->\n<title>Pol\u00edtica de Cookies - FG Asesores y Consultores<\/title>\n<meta name=\"robots\" content=\"noindex, nofollow\" \/>\n<meta property=\"og:locale\" content=\"ca_ES\" \/>\n<meta property=\"og:type\" content=\"article\" \/>\n<meta property=\"og:title\" content=\"Pol\u00edtica de Cookies - FG Asesores y Consultores\" \/>\n<meta property=\"og:description\" content=\"FG Asesores y Consultores SL informa sobre l&#8217;\u00fas de les cookies a la seva p\u00e0gina web: www.fgconsultores.es Qu\u00e8 s\u00f3n les galetes? Les cookies s\u00f3n arxius que es poden descarregar al vostre equip a trav\u00e9s de les p\u00e0gines web. S\u00f3n eines que tenen un paper essencial per a la prestaci\u00f3 de nombrosos serveis de la societat [&hellip;]\" \/>\n<meta property=\"og:url\" content=\"https:\/\/fgconsultores.es\/ca\/politica-de-cookies\/\" \/>\n<meta property=\"og:site_name\" content=\"FG Asesores y Consultores\" \/>\n<meta property=\"article:modified_time\" content=\"2023-03-27T10:00:26+00:00\" \/>\n<meta name=\"twitter:card\" content=\"summary_large_image\" \/>\n<meta name=\"twitter:label1\" content=\"Temps estimat de lectura\" \/>\n\t<meta name=\"twitter:data1\" content=\"5 minuts\" \/>\n<script type=\"application\/ld+json\" class=\"yoast-schema-graph\">{\"@context\":\"https:\/\/schema.org\",\"@graph\":[{\"@type\":\"WebPage\",\"@id\":\"https:\/\/fgconsultores.es\/ca\/politica-de-cookies\/\",\"url\":\"https:\/\/fgconsultores.es\/ca\/politica-de-cookies\/\",\"name\":\"Pol\u00edtica de Cookies - FG Asesores y Consultores\",\"isPartOf\":{\"@id\":\"https:\/\/fgconsultores.es\/ca\/#website\"},\"datePublished\":\"2023-03-23T11:29:44+00:00\",\"dateModified\":\"2023-03-27T10:00:26+00:00\",\"breadcrumb\":{\"@id\":\"https:\/\/fgconsultores.es\/ca\/politica-de-cookies\/#breadcrumb\"},\"inLanguage\":\"ca\",\"potentialAction\":[{\"@type\":\"ReadAction\",\"target\":[\"https:\/\/fgconsultores.es\/ca\/politica-de-cookies\/\"]}]},{\"@type\":\"BreadcrumbList\",\"@id\":\"https:\/\/fgconsultores.es\/ca\/politica-de-cookies\/#breadcrumb\",\"itemListElement\":[{\"@type\":\"ListItem\",\"position\":1,\"name\":\"Portada\",\"item\":\"https:\/\/fgconsultores.es\/ca\/\"},{\"@type\":\"ListItem\",\"position\":2,\"name\":\"Pol\u00edtica de Cookies\"}]},{\"@type\":\"WebSite\",\"@id\":\"https:\/\/fgconsultores.es\/ca\/#website\",\"url\":\"https:\/\/fgconsultores.es\/ca\/\",\"name\":\"FG Asesores y Consultores en Barcelona\",\"description\":\"Asesor\u00eda en Barcelona para aut\u00f3nomos y pymes\",\"publisher\":{\"@id\":\"https:\/\/fgconsultores.es\/ca\/#organization\"},\"potentialAction\":[{\"@type\":\"SearchAction\",\"target\":{\"@type\":\"EntryPoint\",\"urlTemplate\":\"https:\/\/fgconsultores.es\/ca\/?s={search_term_string}\"},\"query-input\":\"required name=search_term_string\"}],\"inLanguage\":\"ca\"},{\"@type\":\"Organization\",\"@id\":\"https:\/\/fgconsultores.es\/ca\/#organization\",\"name\":\"FG Asesores y Consultores en Barcelona\",\"url\":\"https:\/\/fgconsultores.es\/ca\/\",\"logo\":{\"@type\":\"ImageObject\",\"inLanguage\":\"ca\",\"@id\":\"https:\/\/fgconsultores.es\/ca\/#\/schema\/logo\/image\/\",\"url\":\"https:\/\/fgconsultores.es\/wp-content\/uploads\/2021\/08\/Logo_fg_asesores.png\",\"contentUrl\":\"https:\/\/fgconsultores.es\/wp-content\/uploads\/2021\/08\/Logo_fg_asesores.png\",\"width\":1843,\"height\":459,\"caption\":\"FG Asesores y Consultores en Barcelona\"},\"image\":{\"@id\":\"https:\/\/fgconsultores.es\/ca\/#\/schema\/logo\/image\/\"}}]}<\/script>\n<!-- \/ Yoast SEO plugin. -->","yoast_head_json":{"title":"Pol\u00edtica de Cookies - FG Asesores y Consultores","robots":{"index":"noindex","follow":"nofollow"},"og_locale":"ca_ES","og_type":"article","og_title":"Pol\u00edtica de Cookies - FG Asesores y Consultores","og_description":"FG Asesores y Consultores SL informa sobre l&#8217;\u00fas de les cookies a la seva p\u00e0gina web: www.fgconsultores.es Qu\u00e8 s\u00f3n les galetes? Les cookies s\u00f3n arxius que es poden descarregar al vostre equip a trav\u00e9s de les p\u00e0gines web. S\u00f3n eines que tenen un paper essencial per a la prestaci\u00f3 de nombrosos serveis de la societat [&hellip;]","og_url":"https:\/\/fgconsultores.es\/ca\/politica-de-cookies\/","og_site_name":"FG Asesores y Consultores","article_modified_time":"2023-03-27T10:00:26+00:00","twitter_card":"summary_large_image","twitter_misc":{"Temps estimat de lectura":"5 minuts"},"schema":{"@context":"https:\/\/schema.org","@graph":[{"@type":"WebPage","@id":"https:\/\/fgconsultores.es\/ca\/politica-de-cookies\/","url":"https:\/\/fgconsultores.es\/ca\/politica-de-cookies\/","name":"Pol\u00edtica de Cookies - FG Asesores y Consultores","isPartOf":{"@id":"https:\/\/fgconsultores.es\/ca\/#website"},"datePublished":"2023-03-23T11:29:44+00:00","dateModified":"2023-03-27T10:00:26+00:00","breadcrumb":{"@id":"https:\/\/fgconsultores.es\/ca\/politica-de-cookies\/#breadcrumb"},"inLanguage":"ca","potentialAction":[{"@type":"ReadAction","target":["https:\/\/fgconsultores.es\/ca\/politica-de-cookies\/"]}]},{"@type":"BreadcrumbList","@id":"https:\/\/fgconsultores.es\/ca\/politica-de-cookies\/#breadcrumb","itemListElement":[{"@type":"ListItem","position":1,"name":"Portada","item":"https:\/\/fgconsultores.es\/ca\/"},{"@type":"ListItem","position":2,"name":"Pol\u00edtica de Cookies"}]},{"@type":"WebSite","@id":"https:\/\/fgconsultores.es\/ca\/#website","url":"https:\/\/fgconsultores.es\/ca\/","name":"FG Asesores y Consultores en Barcelona","description":"Asesor\u00eda en Barcelona para aut\u00f3nomos y pymes","publisher":{"@id":"https:\/\/fgconsultores.es\/ca\/#organization"},"potentialAction":[{"@type":"SearchAction","target":{"@type":"EntryPoint","urlTemplate":"https:\/\/fgconsultores.es\/ca\/?s={search_term_string}"},"query-input":"required name=search_term_string"}],"inLanguage":"ca"},{"@type":"Organization","@id":"https:\/\/fgconsultores.es\/ca\/#organization","name":"FG Asesores y Consultores en Barcelona","url":"https:\/\/fgconsultores.es\/ca\/","logo":{"@type":"ImageObject","inLanguage":"ca","@id":"https:\/\/fgconsultores.es\/ca\/#\/schema\/logo\/image\/","url":"https:\/\/fgconsultores.es\/wp-content\/uploads\/2021\/08\/Logo_fg_asesores.png","contentUrl":"https:\/\/fgconsultores.es\/wp-content\/uploads\/2021\/08\/Logo_fg_asesores.png","width":1843,"height":459,"caption":"FG Asesores y Consultores en Barcelona"},"image":{"@id":"https:\/\/fgconsultores.es\/ca\/#\/schema\/logo\/image\/"}}]}},"_links":{"self":[{"href":"https:\/\/fgconsultores.es\/ca\/wp-json\/wp\/v2\/pages\/2448"}],"collection":[{"href":"https:\/\/fgconsultores.es\/ca\/wp-json\/wp\/v2\/pages"}],"about":[{"href":"https:\/\/fgconsultores.es\/ca\/wp-json\/wp\/v2\/types\/page"}],"author":[{"embeddable":true,"href":"https:\/\/fgconsultores.es\/ca\/wp-json\/wp\/v2\/users\/2"}],"replies":[{"embeddable":true,"href":"https:\/\/fgconsultores.es\/ca\/wp-json\/wp\/v2\/comments?post=2448"}],"version-history":[{"count":0,"href":"https:\/\/fgconsultores.es\/ca\/wp-json\/wp\/v2\/pages\/2448\/revisions"}],"wp:attachment":[{"href":"https:\/\/fgconsultores.es\/ca\/wp-json\/wp\/v2\/media?parent=2448"}],"curies":[{"name":"wp","href":"https:\/\/api.w.org\/{rel}","templated":true}]}}