{"id":2452,"date":"2023-03-13T10:00:22","date_gmt":"2023-03-13T09:00:22","guid":{"rendered":"https:\/\/fgconsultores.es\/politica-de-privadesa\/"},"modified":"2023-03-27T12:04:39","modified_gmt":"2023-03-27T10:04:39","slug":"politica-de-privadesa","status":"publish","type":"page","link":"https:\/\/fgconsultores.es\/ca\/politica-de-privadesa\/","title":{"rendered":"Pol\u00edtica de Privadesa"},"content":{"rendered":"\t\t<div data-elementor-type=\"wp-page\" data-elementor-id=\"2452\" class=\"elementor elementor-2452 elementor-3\">\n\t\t\t\t\t\t\t\t\t<section class=\"elementor-section elementor-top-section elementor-element elementor-element-3bcae3b5 elementor-section-boxed elementor-section-height-default elementor-section-height-default\" data-id=\"3bcae3b5\" data-element_type=\"section\">\n\t\t\t\t\t\t<div class=\"elementor-container elementor-column-gap-default\">\n\t\t\t\t\t<div class=\"elementor-column elementor-col-100 elementor-top-column elementor-element elementor-element-5fd2b88b\" data-id=\"5fd2b88b\" data-element_type=\"column\">\n\t\t\t<div class=\"elementor-widget-wrap elementor-element-populated\">\n\t\t\t\t\t\t\t\t<div class=\"elementor-element elementor-element-7a5fb693 elementor-widget elementor-widget-text-editor\" data-id=\"7a5fb693\" data-element_type=\"widget\" data-widget_type=\"text-editor.default\">\n\t\t\t\t<div class=\"elementor-widget-container\">\n\t\t\t\t\t\t\t\n          <p>\n            \n          <\/p>\n          \n\n          <p>FG Asesores y Consultores SL, en aplicaci\u00f3 de la normativa vigent en mat\u00e8ria de protecci\u00f3 de dades de car\u00e0cter personal, informa que les dades personals que es recullen a trav\u00e9s dels formularis del Lloc web: www.fgconsultores.es, s&#8217;inclouen als fitxers automatitzats espec\u00edfics d&#8217;usuaris dels serveis de FG Asesores y Consultores SL<\/p>\n          \n\n          <p>La recollida i el tractament automatitzat de les dades de car\u00e0cter personal t\u00e9 com a finalitat el manteniment de la relaci\u00f3 comercial i l&#8217;exercici de tasques d&#8217;informaci\u00f3, formaci\u00f3, assessorament i altres activitats pr\u00f2pies de FG Asesores y Consultores SL<\/p>\n          \n\n          <p>Aquestes dades nom\u00e9s seran cedides a aquelles entitats que siguin necess\u00e0ries amb l&#8217;\u00fanic objectiu de donar compliment a la finalitat exposada anteriorment.<\/p>\n          \n\n          <p>FG Asesores y Consultores SL adopta les mesures necess\u00e0ries per garantir la seguretat, integritat i confidencialitat de les dades conforme al que disposa el Reglament (UE) 2016\/679 del Parlament Europeu i del Consell, de 27 d&#8217;abril de 2016, relatiu a la protecci\u00f3 de les persones f\u00edsiques pel que fa al tractament de dades personals ia la lliure circulaci\u00f3 d&#8217;aquestes, i derogant l&#8217;antiga LOPD, la nova Llei Org\u00e0nica 3\/2018, del 5 desembre, de Protecci\u00f3 de Dades i Garantia dels Drets Digitals (LOPDGDD).<\/p>\n          \n\n          <p>L&#8217;usuari podr\u00e0 en qualsevol moment exercitar els drets d&#8217;acc\u00e9s, oposici\u00f3, rectificaci\u00f3, cancel\u00b7laci\u00f3, limitaci\u00f3 i portabilitat reconeguts a l&#8217;esmentat Reglament (UE). L&#8217;exercici d&#8217;aquests drets el pot fer el mateix usuari a trav\u00e9s de correu electr\u00f2nic a: cristian@fgconsultores.es oa l&#8217;adre\u00e7a: C\/ Diputaci\u00f3, 180 1C, CP 08011 &#8211; Barcelona (Barcelona).<\/p>\n          \n\n          <p>L&#8217;usuari manifesta que totes les dades facilitades per ell s\u00f3n certes i correctes, i es compromet a mantenir-les actualitzades, comunicant els canvis a FG Asesores y Consultores SL<br><br><\/p>\n          \n\n          <h5>\n            <strong>Finalitat del tractament de les dades personals:<br><br><\/strong>\n          <\/h5>\n          \n\n          <p>\n            <strong>Amb quina finalitat tractarem les teves dades personals?<\/strong>\n          <\/p>\n          \n\n          <p>A FG Asesores y Consultores SL, tractarem les teves dades personals demanades a trav\u00e9s del Lloc Web: www.fgconsultores.es, amb les seg\u00fcents finalitats:<\/p>\n          \n\n          <ul>\n            \n\n            <li>Enviament d&#8217;informaci\u00f3 comercial i butlletins sobre nous serveis oferts a la web i del sector.<\/li>\n            \n\n            <li>El proc\u00e9s darxiu, dactualitzaci\u00f3 dels sistemes, de protecci\u00f3 i cust\u00f2dia dinformaci\u00f3 i bases de dades de lempresa.<\/li>\n            \n\n            <li>Enviar informaci\u00f3 promocional via electr\u00f2nica.<\/li>\n            \n\n            <li>Facilitar la informaci\u00f3 sol\u00b7licitada per lusuari a trav\u00e9s del formulari de contacte.<\/li>\n            \n\n          <\/ul>\n          \n\n          <p>Et recordem que et pots oposar a l&#8217;enviament de comunicacions comercials per qualsevol via i en qualsevol moment, remetent un correu electr\u00f2nic a l&#8217;adre\u00e7a anteriorment indicada.<\/p>\n          \n\n          <p>Els camps d&#8217;aquests registres s\u00f3n d&#8217;emplenament obligatori, i \u00e9s impossible fer les finalitats expressades si no s&#8217;aporten aquestes dades.<br><br><\/p>\n          \n\n          <p>\n            <strong>Per quant de temps es conserven les dades personals recollides?<br><\/strong>\n          <\/p>\n          \n\n          <p>Les dades personals proporcionades es conservaran mentre es mantingui la relaci\u00f3 comercial o no en sol\u00b7liciti la supressi\u00f3 i durant el termini pel qual es puguin derivar responsabilitats legals pels serveis prestats.<br><br><\/p>\n          \n\n          <h5>Legitimaci\u00f3:<br><br><\/h5>\n          \n\n          <p>El tractament de les teves dades es realitza amb les bases jur\u00eddiques seg\u00fcents que legitimen el mateix:<\/p>\n          \n\n          <ul>\n            \n\n            <li>La sol\u00b7licitud d&#8217;informaci\u00f3 i\/o la contractaci\u00f3 dels serveis de FG Asesores y Consultores SL, els termes i condicions dels quals es posaran a la teva disposici\u00f3 en tot cas, de forma pr\u00e8via a una eventual contractaci\u00f3.<\/li>\n            \n\n            <li>El consentiment lliure, espec\u00edfic, informat i inequ\u00edvoc, en tant que t&#8217;informem posant a la teva disposici\u00f3 aquesta pol\u00edtica de privadesa, que despr\u00e9s de la lectura de la mateixa, en cas d&#8217;estar conforme, pots acceptar mitjan\u00e7ant una declaraci\u00f3 o una clara acci\u00f3 afirmativa, com el marcatge d&#8217;una casella disposada a aquest efecte.<\/li>\n            \n\n          <\/ul>\n          \n\n          <p>En cas que no ens facilitis les teves dades o ho facis de forma err\u00f2nia o incompleta, no podrem atendre la teva sol\u00b7licitud, resultant del tot impossible proporcionar-te la informaci\u00f3 sol\u00b7licitada o dur a terme la contractaci\u00f3 dels serveis.<br><br><\/p>\n          \n\n          <h5>Destinataris:<br><br><\/h5>\n          \n\n          <p>Les dades no es comunicaran a cap tercer ali\u00e8 a FG Asesores y Consultores SL, excepte obligaci\u00f3 legal.<br><br><\/p>\n          \n\n          <h5>Dades recopilades per usuaris dels serveis<\/h5>\n          <div>\n            <br>\n          <\/div>\n          \n\n          <p>En els casos en qu\u00e8 l&#8217;usuari inclogui fitxers amb dades de car\u00e0cter personal als servidors d&#8217;allotjament compartit, FG Asesores y Consultores SL no es fa responsable de l&#8217;incompliment per part de l&#8217;usuari de l&#8217;RGPD.<br><br><\/p>\n          \n\n          <h5>Drets propietat intel\u00b7lectual www.fgconsultores.es<br><br><\/h5>\n          \n\n          <p>FG Asesores y Consultores SL \u00e9s titular de tots els drets d&#8217;autor, propietat intel\u00b7lectual, industrial, &#8220;know how&#8221; i tots els altres drets tenen relaci\u00f3 amb els continguts del lloc web www.fgconsultores.es i els serveis que s&#8217;hi ofereixen, aix\u00ed com dels programes necessaris per a la seva implementaci\u00f3 i la informaci\u00f3 relacionada.<\/p>\n          \n\n          <p>No es permet la reproducci\u00f3, publicaci\u00f3 i\/o \u00fas no estrictament privat dels continguts, totals o parcials, del lloc web www.fgconsultores.es sense el consentiment previ i per escrit.<br><br><\/p>\n          \n\n          <h5>Propietat intel\u00b7lectual del programari<\/h5>\n          \n\n          <p>L&#8217;usuari ha de respectar els programes de tercers posats a la seva disposici\u00f3 per FG Asesores y Consultores SL, tot i ser gratu\u00efts i\/o de disposici\u00f3 p\u00fablica.<\/p>\n          \n\n          <p>FG Asesores y Consultores SL disposa dels drets d&#8217;explotaci\u00f3 i propietat intel\u00b7lectual necessaris del programari.<\/p>\n          \n\n          <p>L&#8217;usuari no adquireix cap dret o llic\u00e8ncia pel servei contractat, sobre el programari necessari per a la prestaci\u00f3 del servei, ni tampoc sobre la informaci\u00f3 t\u00e8cnica de seguiment del servei, excepci\u00f3 feta dels drets i llic\u00e8ncies necessaris per al compliment dels serveis contractats i \u00fanicament durant la durada dels mateixos.<\/p>\n          \n\n          <p>Per a tota actuaci\u00f3 que excedeixi el compliment del contracte, l&#8217;usuari necessitar\u00e0 autoritzaci\u00f3 per escrit per part de FG Asesores y Consultores SL, quedant prohibit a l&#8217;usuari accedir, modificar, visualitzar la configuraci\u00f3, estructura i fitxers dels servidors propietat de FG Asesores y Consultores SL , assumint la responsabilitat civil i penal derivada de qualsevol incid\u00e8ncia que es pogu\u00e9s produir als servidors i sistemes de seguretat com a conseq\u00fc\u00e8ncia directa d&#8217;una actuaci\u00f3 negligent o maliciosa per part seva.<br><br><\/p>\n          \n\n          <h5>Propietat intel\u00b7lectual dels continguts allotjats<\/h5>\n          \n\n          <p>Es prohibeix l&#8217;\u00fas contrari a la legislaci\u00f3 sobre propietat intel\u00b7lectual dels serveis prestats per FG Asesores y Consultores SL i, en particular:<\/p>\n          \n\n          <ul>\n            \n\n            <li>La utilitzaci\u00f3 que resulti contr\u00e0ria a les lleis espanyoles o que infringeixi els drets de tercers.<\/li>\n            \n\n            <li>La publicaci\u00f3 o la transmissi\u00f3 de qualsevol contingut que, segons el parer de FG Asesores y Consultores SL, resulti violent, obsc\u00e8, abusiu, il\u00b7legal, racial, xen\u00f2fob o difamatori.<\/li>\n            \n\n            <li>Els cracs, n\u00fameros de s\u00e8rie de programes o qualsevol altre contingut que vulneri drets de la propietat intel\u00b7lectual de tercers.<\/li>\n            \n\n            <li>La recollida i\/o utilitzaci\u00f3 de dades personals d&#8217;altres usuaris sense el seu consentiment expr\u00e9s o contravenint el que disposa el Reglament (UE) 2016\/679 del Parlament Europeu i del Consell, de 27 d&#8217;abril de 2016, relatiu a la protecci\u00f3 de les persones f\u00edsiques pel que fa al tractament de dades personals ia la lliure circulaci\u00f3 d&#8217;aquestes.<\/li>\n            \n\n            <li>La utilitzaci\u00f3 del servidor de correu del domini i de les adreces de correu electr\u00f2nic per a l&#8217;enviament de correu massiu no desitjat.<\/li>\n            \n\n          <\/ul>\n          \n\n          <p>L&#8217;usuari t\u00e9 tota la responsabilitat sobre el contingut del web, la informaci\u00f3 transmesa i emmagatzemada, els enlla\u00e7os d&#8217;hipertext, les reivindicacions de tercers i les accions legals en refer\u00e8ncia a propietat intel\u00b7lectual, drets de tercers i protecci\u00f3 de menors.<\/p>\n          \n\n          <p>L&#8217;usuari \u00e9s responsable respecte a les lleis i reglaments en vigor i les regles que tenen a veure amb el funcionament del servei en l\u00ednia, comer\u00e7 electr\u00f2nic, drets d&#8217;autor, manteniment de l&#8217;ordre p\u00fablic, aix\u00ed com principis universals d&#8217;\u00fas d&#8217;Internet.<\/p>\n          \n\n          <p>L&#8217;usuari indemnitzar\u00e0 FG Asesores y Consultores SL per les despeses que gener\u00e9s la imputaci\u00f3 de FG Asesores y Consultores SL en alguna causa la responsabilitat de la qual fos atribu\u00efble a l&#8217;usuari, inclosos honoraris i despeses de defensa jur\u00eddica, fins i tot en el cas d&#8217;una decisi\u00f3 judicial no definitiva .<br><br><\/p>\n          \n\n          <h5>Protecci\u00f3 de la informaci\u00f3 allotjada<\/h5>\n          \n\n          <p>FG Asesores y Consultores SL realitza c\u00f2pies de seguretat dels continguts allotjats als seus servidors, per\u00f2 no es responsabilitza de la p\u00e8rdua o esborrament accidental de les dades per part dels usuaris. De la mateixa manera, no garanteix la reposici\u00f3 total de les dades esborrades pels usuaris, ja que les dades esmentades podrien haver estat suprimides i\/o modificades durant el per\u00edode del temps transcorregut des de l&#8217;\u00faltima c\u00f2pia de seguretat.<\/p>\n          \n\n          <p>Els serveis oferts, excepte els serveis espec\u00edfics de backup, no inclouen la reposici\u00f3 dels continguts conservats a les c\u00f2pies de seguretat realitzades per FG Asesores i Consultores SL, quan aquesta p\u00e8rdua sigui imputable a l&#8217;usuari; en aquest cas, es determinar\u00e0 una tarifa d&#8217;acord amb la complexitat i el volum de la recuperaci\u00f3, sempre pr\u00e8via acceptaci\u00f3 de l&#8217;usuari.<\/p>\n          \n\n          <p>La reposici\u00f3 de dades esborrades nom\u00e9s est\u00e0 inclosa en el preu del servei quan la p\u00e8rdua del contingut sigui deguda a causes atribu\u00efbles a FG Asesores y Consultores SL.<\/p>\n          \n\n          <h5>Comunicacions comercials<\/h5>\n          \n\n          <p>En aplicaci\u00f3 de la LSSI. FG Asesores y Consultores SL no enviar\u00e0 comunicacions publicit\u00e0ries o promocionals per correu electr\u00f2nic o altre mitj\u00e0 de comunicaci\u00f3 electr\u00f2nica equivalent que pr\u00e8viament no haguessin estat sol\u00b7licitades o expressament autoritzades pels destinataris de les mateixes.<\/p>\n          \n\n          <p>En el cas d&#8217;usuaris amb qu\u00e8 hi hagi una relaci\u00f3 contractual pr\u00e8via, FG Asesores y Consultores SL s\u00ed que est\u00e0 autoritzat a l&#8217;enviament de comunicacions comercials referents a productes o serveis de FG Asesores i Consultores SL que siguin similars als que inicialment van ser objecte de contractaci\u00f3 amb el client.<\/p>\n          \n\n          <p>En tot cas, l&#8217;usuari, despr\u00e9s d&#8217;acreditar-ne la identitat, podr\u00e0 sol\u00b7licitar que no se li faci arribar m\u00e9s informaci\u00f3 comercial a trav\u00e9s dels canals d&#8217;Atenci\u00f3 al Client.<\/p>\n          \n\n          <p>21\/03\/2023<\/p>\n          \n\n          <p>\n            \n          <\/p>\n        \t\t\t\t\t\t<\/div>\n\t\t\t\t<\/div>\n\t\t\t\t\t<\/div>\n\t\t<\/div>\n\t\t\t\t\t\t\t<\/div>\n\t\t<\/section>\n\t\t\t\t\t\t\t<\/div>\n\t\t","protected":false},"excerpt":{"rendered":"<p>FG Asesores y Consultores SL, en aplicaci\u00f3 de la normativa vigent en mat\u00e8ria de protecci\u00f3 de dades de car\u00e0cter personal, informa que les dades personals que es recullen a trav\u00e9s dels formularis del Lloc web: www.fgconsultores.es, s&#8217;inclouen als fitxers automatitzats espec\u00edfics d&#8217;usuaris dels serveis de FG Asesores y Consultores SL La recollida i el tractament [&hellip;]<\/p>\n","protected":false},"author":2,"featured_media":0,"parent":0,"menu_order":0,"comment_status":"closed","ping_status":"closed","template":"","meta":[],"yoast_head":"<!-- This site is optimized with the Yoast SEO plugin v20.5 - https:\/\/yoast.com\/wordpress\/plugins\/seo\/ -->\n<title>Pol\u00edtica de Privadesa - FG Asesores y Consultores<\/title>\n<meta name=\"robots\" content=\"noindex, nofollow\" \/>\n<meta property=\"og:locale\" content=\"ca_ES\" \/>\n<meta property=\"og:type\" content=\"article\" \/>\n<meta property=\"og:title\" content=\"Pol\u00edtica de Privadesa - FG Asesores y Consultores\" \/>\n<meta property=\"og:description\" content=\"FG Asesores y Consultores SL, en aplicaci\u00f3 de la normativa vigent en mat\u00e8ria de protecci\u00f3 de dades de car\u00e0cter personal, informa que les dades personals que es recullen a trav\u00e9s dels formularis del Lloc web: www.fgconsultores.es, s&#8217;inclouen als fitxers automatitzats espec\u00edfics d&#8217;usuaris dels serveis de FG Asesores y Consultores SL La recollida i el tractament [&hellip;]\" \/>\n<meta property=\"og:url\" content=\"https:\/\/fgconsultores.es\/ca\/politica-de-privadesa\/\" \/>\n<meta property=\"og:site_name\" content=\"FG Asesores y Consultores\" \/>\n<meta property=\"article:modified_time\" content=\"2023-03-27T10:04:39+00:00\" \/>\n<meta name=\"twitter:card\" content=\"summary_large_image\" \/>\n<meta name=\"twitter:label1\" content=\"Temps estimat de lectura\" \/>\n\t<meta name=\"twitter:data1\" content=\"8 minuts\" \/>\n<script type=\"application\/ld+json\" class=\"yoast-schema-graph\">{\"@context\":\"https:\/\/schema.org\",\"@graph\":[{\"@type\":\"WebPage\",\"@id\":\"https:\/\/fgconsultores.es\/ca\/politica-de-privadesa\/\",\"url\":\"https:\/\/fgconsultores.es\/ca\/politica-de-privadesa\/\",\"name\":\"Pol\u00edtica de Privadesa - FG Asesores y Consultores\",\"isPartOf\":{\"@id\":\"https:\/\/fgconsultores.es\/ca\/#website\"},\"datePublished\":\"2023-03-13T09:00:22+00:00\",\"dateModified\":\"2023-03-27T10:04:39+00:00\",\"breadcrumb\":{\"@id\":\"https:\/\/fgconsultores.es\/ca\/politica-de-privadesa\/#breadcrumb\"},\"inLanguage\":\"ca\",\"potentialAction\":[{\"@type\":\"ReadAction\",\"target\":[\"https:\/\/fgconsultores.es\/ca\/politica-de-privadesa\/\"]}]},{\"@type\":\"BreadcrumbList\",\"@id\":\"https:\/\/fgconsultores.es\/ca\/politica-de-privadesa\/#breadcrumb\",\"itemListElement\":[{\"@type\":\"ListItem\",\"position\":1,\"name\":\"Portada\",\"item\":\"https:\/\/fgconsultores.es\/ca\/\"},{\"@type\":\"ListItem\",\"position\":2,\"name\":\"Pol\u00edtica de Privadesa\"}]},{\"@type\":\"WebSite\",\"@id\":\"https:\/\/fgconsultores.es\/ca\/#website\",\"url\":\"https:\/\/fgconsultores.es\/ca\/\",\"name\":\"FG Asesores y Consultores en Barcelona\",\"description\":\"Asesor\u00eda en Barcelona para aut\u00f3nomos y pymes\",\"publisher\":{\"@id\":\"https:\/\/fgconsultores.es\/ca\/#organization\"},\"potentialAction\":[{\"@type\":\"SearchAction\",\"target\":{\"@type\":\"EntryPoint\",\"urlTemplate\":\"https:\/\/fgconsultores.es\/ca\/?s={search_term_string}\"},\"query-input\":\"required name=search_term_string\"}],\"inLanguage\":\"ca\"},{\"@type\":\"Organization\",\"@id\":\"https:\/\/fgconsultores.es\/ca\/#organization\",\"name\":\"FG Asesores y Consultores en Barcelona\",\"url\":\"https:\/\/fgconsultores.es\/ca\/\",\"logo\":{\"@type\":\"ImageObject\",\"inLanguage\":\"ca\",\"@id\":\"https:\/\/fgconsultores.es\/ca\/#\/schema\/logo\/image\/\",\"url\":\"https:\/\/fgconsultores.es\/wp-content\/uploads\/2021\/08\/Logo_fg_asesores.png\",\"contentUrl\":\"https:\/\/fgconsultores.es\/wp-content\/uploads\/2021\/08\/Logo_fg_asesores.png\",\"width\":1843,\"height\":459,\"caption\":\"FG Asesores y Consultores en Barcelona\"},\"image\":{\"@id\":\"https:\/\/fgconsultores.es\/ca\/#\/schema\/logo\/image\/\"}}]}<\/script>\n<!-- \/ Yoast SEO plugin. -->","yoast_head_json":{"title":"Pol\u00edtica de Privadesa - FG Asesores y Consultores","robots":{"index":"noindex","follow":"nofollow"},"og_locale":"ca_ES","og_type":"article","og_title":"Pol\u00edtica de Privadesa - FG Asesores y Consultores","og_description":"FG Asesores y Consultores SL, en aplicaci\u00f3 de la normativa vigent en mat\u00e8ria de protecci\u00f3 de dades de car\u00e0cter personal, informa que les dades personals que es recullen a trav\u00e9s dels formularis del Lloc web: www.fgconsultores.es, s&#8217;inclouen als fitxers automatitzats espec\u00edfics d&#8217;usuaris dels serveis de FG Asesores y Consultores SL La recollida i el tractament [&hellip;]","og_url":"https:\/\/fgconsultores.es\/ca\/politica-de-privadesa\/","og_site_name":"FG Asesores y Consultores","article_modified_time":"2023-03-27T10:04:39+00:00","twitter_card":"summary_large_image","twitter_misc":{"Temps estimat de lectura":"8 minuts"},"schema":{"@context":"https:\/\/schema.org","@graph":[{"@type":"WebPage","@id":"https:\/\/fgconsultores.es\/ca\/politica-de-privadesa\/","url":"https:\/\/fgconsultores.es\/ca\/politica-de-privadesa\/","name":"Pol\u00edtica de Privadesa - FG Asesores y Consultores","isPartOf":{"@id":"https:\/\/fgconsultores.es\/ca\/#website"},"datePublished":"2023-03-13T09:00:22+00:00","dateModified":"2023-03-27T10:04:39+00:00","breadcrumb":{"@id":"https:\/\/fgconsultores.es\/ca\/politica-de-privadesa\/#breadcrumb"},"inLanguage":"ca","potentialAction":[{"@type":"ReadAction","target":["https:\/\/fgconsultores.es\/ca\/politica-de-privadesa\/"]}]},{"@type":"BreadcrumbList","@id":"https:\/\/fgconsultores.es\/ca\/politica-de-privadesa\/#breadcrumb","itemListElement":[{"@type":"ListItem","position":1,"name":"Portada","item":"https:\/\/fgconsultores.es\/ca\/"},{"@type":"ListItem","position":2,"name":"Pol\u00edtica de Privadesa"}]},{"@type":"WebSite","@id":"https:\/\/fgconsultores.es\/ca\/#website","url":"https:\/\/fgconsultores.es\/ca\/","name":"FG Asesores y Consultores en Barcelona","description":"Asesor\u00eda en Barcelona para aut\u00f3nomos y pymes","publisher":{"@id":"https:\/\/fgconsultores.es\/ca\/#organization"},"potentialAction":[{"@type":"SearchAction","target":{"@type":"EntryPoint","urlTemplate":"https:\/\/fgconsultores.es\/ca\/?s={search_term_string}"},"query-input":"required name=search_term_string"}],"inLanguage":"ca"},{"@type":"Organization","@id":"https:\/\/fgconsultores.es\/ca\/#organization","name":"FG Asesores y Consultores en Barcelona","url":"https:\/\/fgconsultores.es\/ca\/","logo":{"@type":"ImageObject","inLanguage":"ca","@id":"https:\/\/fgconsultores.es\/ca\/#\/schema\/logo\/image\/","url":"https:\/\/fgconsultores.es\/wp-content\/uploads\/2021\/08\/Logo_fg_asesores.png","contentUrl":"https:\/\/fgconsultores.es\/wp-content\/uploads\/2021\/08\/Logo_fg_asesores.png","width":1843,"height":459,"caption":"FG Asesores y Consultores en Barcelona"},"image":{"@id":"https:\/\/fgconsultores.es\/ca\/#\/schema\/logo\/image\/"}}]}},"_links":{"self":[{"href":"https:\/\/fgconsultores.es\/ca\/wp-json\/wp\/v2\/pages\/2452"}],"collection":[{"href":"https:\/\/fgconsultores.es\/ca\/wp-json\/wp\/v2\/pages"}],"about":[{"href":"https:\/\/fgconsultores.es\/ca\/wp-json\/wp\/v2\/types\/page"}],"author":[{"embeddable":true,"href":"https:\/\/fgconsultores.es\/ca\/wp-json\/wp\/v2\/users\/2"}],"replies":[{"embeddable":true,"href":"https:\/\/fgconsultores.es\/ca\/wp-json\/wp\/v2\/comments?post=2452"}],"version-history":[{"count":0,"href":"https:\/\/fgconsultores.es\/ca\/wp-json\/wp\/v2\/pages\/2452\/revisions"}],"wp:attachment":[{"href":"https:\/\/fgconsultores.es\/ca\/wp-json\/wp\/v2\/media?parent=2452"}],"curies":[{"name":"wp","href":"https:\/\/api.w.org\/{rel}","templated":true}]}}